{"id":5914,"date":"2016-06-30T00:46:58","date_gmt":"2016-06-30T04:46:58","guid":{"rendered":"http:\/\/www.smb-bsa.ca\/?page_id=5914"},"modified":"2018-07-03T16:10:21","modified_gmt":"2018-07-03T20:10:21","slug":"cretons-pates-and-other-products","status":"publish","type":"page","link":"https:\/\/www.smb-bsa.ca\/en\/cretons-pates-and-other-products\/","title":{"rendered":"Cretons, P\u00e2t\u00e9s and Other Products"},"content":{"rendered":"<p>Explore the range of other charcuterie specialties: cretons, p\u00e2t\u00e9s, mousses and terrines, roast fat\u2026<br \/>\n<br \/>\n<strong>Simply click on a product to view more information.<\/strong><br \/>\n<br \/>\nIf you have any questions or need more information, please contact your <a href=\"https:\/\/www.smb-bsa.ca\/en\/find-representative\/\">sales representative<\/a>.<br \/>\n<\/br><\/p>\n<div style=\"border:1px; border-color:grey white white;border-style:solid;\">\n<table style=\"width: 100%\">\n<td valign=\"top\" style=\"width: 40%\"><b><a href=\"https:\/\/www.smb-bsa.ca\/en\/product\/alambra-seasoning\/\">Alambra Seasoning<\/a><\/b><\/p>\n<td valign=\"top\" style=\"width: 60%\">Available in 1 kg (regular or no MSG)<\/u><\/strong><\/span><\/td>\n<\/tr>\n<\/table>\n<\/div>\n<div style=\"border:1px; border-color:grey white white;border-style:solid;\">\n<table style=\"width: 100%\">\n<td valign=\"top\" style=\"width: 40%\"><b><a href=\"https:\/\/www.smb-bsa.ca\/en\/product\/amber-jelly\/\">Amber Jelly<\/a><\/b><\/p>\n<td valign=\"top\" style=\"width: 60%\">Various sizes<\/u><\/strong><\/span><\/td>\n<\/tr>\n<\/table>\n<\/div>\n<div style=\"border:1px; border-color:grey white white;border-style:solid;\">\n<table style=\"width: 100%\">\n<td valign=\"top\" style=\"width: 40%\"><b><a href=\"https:\/\/www.smb-bsa.ca\/en\/product\/brine-for-smoked-salmon\/\">Brine for Smoked Salmon<\/a><\/b><\/p>\n<td valign=\"top\" style=\"width: 60%\">Available in 4.70 kg<\/u><\/strong><\/span><\/td>\n<\/tr>\n<\/table>\n<\/div>\n<div style=\"border:1px; border-color:grey white white;border-style:solid;\">\n<table style=\"width: 100%\">\n<td valign=\"top\" style=\"width: 40%\"><b><a href=\"https:\/\/www.smb-bsa.ca\/en\/product\/chicken-andor-turkey-cretons\/\">Chicken and\/or Turkey Cretons<\/a><\/b><\/p>\n<td valign=\"top\" style=\"width: 60%\">Available in 0.90 kg (no MSG)<\/u><\/strong><\/span><\/td>\n<\/tr>\n<\/table>\n<\/div>\n<div style=\"border:1px; border-color:grey white white;border-style:solid;\">\n<table style=\"width: 100%\">\n<td valign=\"top\" style=\"width: 40%\"><b><a href=\"https:\/\/www.smb-bsa.ca\/en\/product\/country-style-pate-liver-seasoning\/\">Country Style P\u00e2t\u00e9 &#038; Liver Seasoning<\/a><\/b><\/p>\n<td valign=\"top\" style=\"width: 60%\">Available in 1 kg<\/u><\/strong><\/span><\/td>\n<\/tr>\n<\/table>\n<\/div>\n<div style=\"border:1px; border-color:grey white white;border-style:solid;\">\n<table style=\"width: 100%\">\n<td valign=\"top\" style=\"width: 40%\"><b><a href=\"https:\/\/www.smb-bsa.ca\/en\/product\/cretons2\/\">Cretons<\/a><\/b><\/p>\n<td valign=\"top\" style=\"width: 60%\">Available in 0.18 kg or 0.92 kg (regular or no MSG)<\/u><\/strong><\/span><\/td>\n<\/tr>\n<\/table>\n<\/div>\n<div style=\"border:1px; border-color:grey white white;border-style:solid;\">\n<table style=\"width: 100%\">\n<td valign=\"top\" style=\"width: 40%\"><b><a href=\"https:\/\/www.smb-bsa.ca\/en\/product\/garlic-fine-herbs-cretons\/\">Garlic &#038; Fine Herbs Cretons<\/a><\/b><\/p>\n<td valign=\"top\" style=\"width: 60%\">Available in 0.92 kg or 1.10 kg (regular or no MSG)<\/u><\/strong><\/span><\/td>\n<\/tr>\n<\/table>\n<\/div>\n<div style=\"border:1px; border-color:grey white white;border-style:solid;\">\n<table style=\"width: 100%\">\n<td valign=\"top\" style=\"width: 40%\"><b><a href=\"https:\/\/www.smb-bsa.ca\/en\/product\/gluten-free-salt-reduced-cretons\/\">Gluten-Free Salt Reduced Cretons<\/a><\/b><\/p>\n<td valign=\"top\" style=\"width: 60%\">Available in 0.101 kg<\/u><\/strong><\/span><\/td>\n<\/tr>\n<\/table>\n<\/div>\n<div style=\"border:1px; border-color:grey white white;border-style:solid;\">\n<table style=\"width: 100%\">\n<td valign=\"top\" style=\"width: 40%\"><b><a href=\"https:\/\/www.smb-bsa.ca\/en\/product\/ham-bacon-loaf-2\/\">Ham &#038; Bacon Loaf<\/a><\/b><\/p>\n<td valign=\"top\" style=\"width: 60%\">Available in 1.52 kg<\/u><\/strong><\/span><\/td>\n<\/tr>\n<\/table>\n<\/div>\n<div style=\"border:1px; border-color:grey white white;border-style:solid;\">\n<table style=\"width: 100%\">\n<td valign=\"top\" style=\"width: 40%\"><b><a href=\"https:\/\/www.smb-bsa.ca\/en\/product\/head-cheese-seasoning\/\">Head Cheese Seasoning<\/a><\/b><\/p>\n<td valign=\"top\" style=\"width: 60%\">Available in 0.64 kg<\/u><\/strong><\/span><\/td>\n<\/tr>\n<\/table>\n<\/div>\n<div style=\"border:1px; border-color:grey white white;border-style:solid;\">\n<table style=\"width: 100%\">\n<td valign=\"top\" style=\"width: 40%\"><b><a href=\"https:\/\/www.smb-bsa.ca\/en\/product\/meat-pie-seasoning\/\">Meat Pie Seasoning<\/a><\/b><\/p>\n<td valign=\"top\" style=\"width: 60%\"><\/u>Available in 1.13 kg<\/strong><\/span><\/td>\n<\/tr>\n<\/table>\n<\/div>\n<div style=\"border:1px; border-color:grey white white;border-style:solid;\">\n<table style=\"width: 100%\">\n<td valign=\"top\" style=\"width: 40%\"><b><a href=\"https:\/\/www.smb-bsa.ca\/en\/product\/old-fashioned-capicollo\/\">Old-Fashioned Capicollo<\/a><\/b><\/p>\n<td valign=\"top\" style=\"width: 60%\">Available in 0.850 kg<\/u><\/strong><\/span><\/td>\n<\/tr>\n<\/table>\n<\/div>\n<div style=\"border:1px; border-color:grey white white;border-style:solid;\">\n<table style=\"width: 100%\">\n<td valign=\"top\" style=\"width: 40%\"><b><a href=\"https:\/\/www.smb-bsa.ca\/en\/product\/roast-drippings\/\">Roast Drippings<\/a><\/b><\/p>\n<td valign=\"top\" style=\"width: 60%\">Available 0.81 kg<\/u><\/strong><\/span><\/td>\n<\/tr>\n<\/table>\n<\/div>\n<div style=\"border:1px; border-color:grey white white;border-style:solid;\">\n<table style=\"width: 100%\">\n<td valign=\"top\" style=\"width: 40%\"><b><a href=\"https:\/\/www.smb-bsa.ca\/en\/product\/liant-a-pate-superieur\/\">Superior P\u00e2t\u00e9 Binder<\/a><\/b><\/p>\n<td valign=\"top\" style=\"width: 60%\">Available in 2 kg<\/u><\/strong><\/span><\/td>\n<\/tr>\n<\/table>\n<\/div>\n<div style=\"border:1px; border-color:grey white white;border-style:solid;\">\n<table style=\"width: 100%\">\n<td valign=\"top\" style=\"width: 40%\"><b><a href=\"https:\/\/www.smb-bsa.ca\/en\/product\/vegetable-cretons\/\">Vegetable Cretons<\/a><\/b><\/p>\n<td valign=\"top\" style=\"width: 60%\">Available in 0.98 kg<\/u><\/strong><\/span><\/td>\n<\/tr>\n<\/table>\n<\/div>\n<div style=\"border:1px; border-color:grey white white;border-style:solid;\">\n<table style=\"width: 100%\">\n<td valign=\"top\" style=\"width: 26%\"><b><\/a><\/b><\/p>\n<td valign=\"top\" style=\"width: 14%\">\n<td valign=\"top\" style=\"width: 60%\"><\/strong><\/span><\/td>\n<\/tr>\n<\/table>\n<\/div>\n<p><\/br><\/p>\n","protected":false},"excerpt":{"rendered":"<p>Explore the range of other charcuterie specialties: cretons, p\u00e2t\u00e9s, mousses and terrines, roast fat\u2026 Simply click on a product to view more information. If you have any questions or need more information, please contact your sales representative. Alambra Seasoning Available in 1 kg (regular or no MSG) Amber Jelly Various sizes Brine for Smoked Salmon [&hellip;]<\/p>\n","protected":false},"author":20,"featured_media":0,"parent":0,"menu_order":0,"comment_status":"closed","ping_status":"closed","template":"","meta":{"footnotes":""},"class_list":["post-5914","page","type-page","status-publish","hentry"],"yoast_head":"<!-- This site is optimized with the Yoast SEO plugin v26.8 - https:\/\/yoast.com\/product\/yoast-seo-wordpress\/ -->\n<title>Cretons, P\u00e2t\u00e9s and Other Products - BSA WIBERG BOUCHERS ET ARTISANS<\/title>\n<meta name=\"robots\" content=\"index, follow, max-snippet:-1, max-image-preview:large, max-video-preview:-1\" \/>\n<link rel=\"canonical\" href=\"https:\/\/www.smb-bsa.ca\/en\/cretons-pates-and-other-products\/\" \/>\n<meta property=\"og:locale\" content=\"en_US\" \/>\n<meta property=\"og:type\" content=\"article\" \/>\n<meta property=\"og:title\" content=\"Cretons, P\u00e2t\u00e9s and Other Products - BSA WIBERG BOUCHERS ET ARTISANS\" \/>\n<meta property=\"og:description\" content=\"Explore the range of other charcuterie specialties: cretons, p\u00e2t\u00e9s, mousses and terrines, roast fat\u2026 Simply click on a product to view more information. If you have any questions or need more information, please contact your sales representative. Alambra Seasoning Available in 1 kg (regular or no MSG) Amber Jelly Various sizes Brine for Smoked Salmon [&hellip;]\" \/>\n<meta property=\"og:url\" content=\"https:\/\/www.smb-bsa.ca\/en\/cretons-pates-and-other-products\/\" \/>\n<meta property=\"og:site_name\" content=\"BSA WIBERG BOUCHERS ET ARTISANS\" \/>\n<meta property=\"article:modified_time\" content=\"2018-07-03T20:10:21+00:00\" \/>\n<meta name=\"twitter:card\" content=\"summary_large_image\" \/>\n<meta name=\"twitter:label1\" content=\"Est. reading time\" \/>\n\t<meta name=\"twitter:data1\" content=\"1 minute\" \/>\n<script type=\"application\/ld+json\" class=\"yoast-schema-graph\">{\"@context\":\"https:\/\/schema.org\",\"@graph\":[{\"@type\":\"WebPage\",\"@id\":\"https:\/\/www.smb-bsa.ca\/en\/cretons-pates-and-other-products\/\",\"url\":\"https:\/\/www.smb-bsa.ca\/en\/cretons-pates-and-other-products\/\",\"name\":\"Cretons, P\u00e2t\u00e9s and Other Products - BSA WIBERG BOUCHERS ET ARTISANS\",\"isPartOf\":{\"@id\":\"https:\/\/www.smb-bsa.ca\/#website\"},\"datePublished\":\"2016-06-30T04:46:58+00:00\",\"dateModified\":\"2018-07-03T20:10:21+00:00\",\"breadcrumb\":{\"@id\":\"https:\/\/www.smb-bsa.ca\/en\/cretons-pates-and-other-products\/#breadcrumb\"},\"inLanguage\":\"en-US\",\"potentialAction\":[{\"@type\":\"ReadAction\",\"target\":[\"https:\/\/www.smb-bsa.ca\/en\/cretons-pates-and-other-products\/\"]}]},{\"@type\":\"BreadcrumbList\",\"@id\":\"https:\/\/www.smb-bsa.ca\/en\/cretons-pates-and-other-products\/#breadcrumb\",\"itemListElement\":[{\"@type\":\"ListItem\",\"position\":1,\"name\":\"Accueil\",\"item\":\"https:\/\/www.smb-bsa.ca\/en\/\"},{\"@type\":\"ListItem\",\"position\":2,\"name\":\"Cretons, P\u00e2t\u00e9s and Other Products\"}]},{\"@type\":\"WebSite\",\"@id\":\"https:\/\/www.smb-bsa.ca\/#website\",\"url\":\"https:\/\/www.smb-bsa.ca\/\",\"name\":\"BSA WIBERG BOUCHERS ET ARTISANS\",\"description\":\"Cr\u00e9\u00e9 un monde de saveurs\",\"potentialAction\":[{\"@type\":\"SearchAction\",\"target\":{\"@type\":\"EntryPoint\",\"urlTemplate\":\"https:\/\/www.smb-bsa.ca\/?s={search_term_string}\"},\"query-input\":{\"@type\":\"PropertyValueSpecification\",\"valueRequired\":true,\"valueName\":\"search_term_string\"}}],\"inLanguage\":\"en-US\"}]}<\/script>\n<!-- \/ Yoast SEO plugin. -->","yoast_head_json":{"title":"Cretons, P\u00e2t\u00e9s and Other Products - BSA WIBERG BOUCHERS ET ARTISANS","robots":{"index":"index","follow":"follow","max-snippet":"max-snippet:-1","max-image-preview":"max-image-preview:large","max-video-preview":"max-video-preview:-1"},"canonical":"https:\/\/www.smb-bsa.ca\/en\/cretons-pates-and-other-products\/","og_locale":"en_US","og_type":"article","og_title":"Cretons, P\u00e2t\u00e9s and Other Products - BSA WIBERG BOUCHERS ET ARTISANS","og_description":"Explore the range of other charcuterie specialties: cretons, p\u00e2t\u00e9s, mousses and terrines, roast fat\u2026 Simply click on a product to view more information. If you have any questions or need more information, please contact your sales representative. Alambra Seasoning Available in 1 kg (regular or no MSG) Amber Jelly Various sizes Brine for Smoked Salmon [&hellip;]","og_url":"https:\/\/www.smb-bsa.ca\/en\/cretons-pates-and-other-products\/","og_site_name":"BSA WIBERG BOUCHERS ET ARTISANS","article_modified_time":"2018-07-03T20:10:21+00:00","twitter_card":"summary_large_image","twitter_misc":{"Est. reading time":"1 minute"},"schema":{"@context":"https:\/\/schema.org","@graph":[{"@type":"WebPage","@id":"https:\/\/www.smb-bsa.ca\/en\/cretons-pates-and-other-products\/","url":"https:\/\/www.smb-bsa.ca\/en\/cretons-pates-and-other-products\/","name":"Cretons, P\u00e2t\u00e9s and Other Products - BSA WIBERG BOUCHERS ET ARTISANS","isPartOf":{"@id":"https:\/\/www.smb-bsa.ca\/#website"},"datePublished":"2016-06-30T04:46:58+00:00","dateModified":"2018-07-03T20:10:21+00:00","breadcrumb":{"@id":"https:\/\/www.smb-bsa.ca\/en\/cretons-pates-and-other-products\/#breadcrumb"},"inLanguage":"en-US","potentialAction":[{"@type":"ReadAction","target":["https:\/\/www.smb-bsa.ca\/en\/cretons-pates-and-other-products\/"]}]},{"@type":"BreadcrumbList","@id":"https:\/\/www.smb-bsa.ca\/en\/cretons-pates-and-other-products\/#breadcrumb","itemListElement":[{"@type":"ListItem","position":1,"name":"Accueil","item":"https:\/\/www.smb-bsa.ca\/en\/"},{"@type":"ListItem","position":2,"name":"Cretons, P\u00e2t\u00e9s and Other Products"}]},{"@type":"WebSite","@id":"https:\/\/www.smb-bsa.ca\/#website","url":"https:\/\/www.smb-bsa.ca\/","name":"BSA WIBERG BOUCHERS ET ARTISANS","description":"Cr\u00e9\u00e9 un monde de saveurs","potentialAction":[{"@type":"SearchAction","target":{"@type":"EntryPoint","urlTemplate":"https:\/\/www.smb-bsa.ca\/?s={search_term_string}"},"query-input":{"@type":"PropertyValueSpecification","valueRequired":true,"valueName":"search_term_string"}}],"inLanguage":"en-US"}]}},"_links":{"self":[{"href":"https:\/\/www.smb-bsa.ca\/en\/wp-json\/wp\/v2\/pages\/5914","targetHints":{"allow":["GET"]}}],"collection":[{"href":"https:\/\/www.smb-bsa.ca\/en\/wp-json\/wp\/v2\/pages"}],"about":[{"href":"https:\/\/www.smb-bsa.ca\/en\/wp-json\/wp\/v2\/types\/page"}],"author":[{"embeddable":true,"href":"https:\/\/www.smb-bsa.ca\/en\/wp-json\/wp\/v2\/users\/20"}],"replies":[{"embeddable":true,"href":"https:\/\/www.smb-bsa.ca\/en\/wp-json\/wp\/v2\/comments?post=5914"}],"version-history":[{"count":10,"href":"https:\/\/www.smb-bsa.ca\/en\/wp-json\/wp\/v2\/pages\/5914\/revisions"}],"predecessor-version":[{"id":6986,"href":"https:\/\/www.smb-bsa.ca\/en\/wp-json\/wp\/v2\/pages\/5914\/revisions\/6986"}],"wp:attachment":[{"href":"https:\/\/www.smb-bsa.ca\/en\/wp-json\/wp\/v2\/media?parent=5914"}],"curies":[{"name":"wp","href":"https:\/\/api.w.org\/{rel}","templated":true}]}}